{"id":346,"date":"2021-04-30T22:55:08","date_gmt":"2021-04-30T22:55:08","guid":{"rendered":"https:\/\/audiolife.com.ar\/?page_id=346"},"modified":"2021-05-11T00:08:44","modified_gmt":"2021-05-11T00:08:44","slug":"servicios","status":"publish","type":"page","link":"https:\/\/audiolife.com.ar\/index.php\/servicios\/","title":{"rendered":"Servicios"},"content":{"rendered":"<p>[et_pb_section fb_built=\u00bb1&#8243; fullwidth=\u00bbon\u00bb module_class=\u00bbkb-zoomout-right\u00bb _builder_version=\u00bb4.9.2&#8243; _module_preset=\u00bbdefault\u00bb background_color=\u00bbrgba(0,0,0,0.57)\u00bb background_image=\u00bbhttps:\/\/audiolife.com.ar\/wp-content\/uploads\/2021\/05\/slide-service-v3.jpg\u00bb parallax=\u00bbon\u00bb parallax_method=\u00bboff\u00bb][et_pb_fullwidth_header title=\u00bbOIR ES VIVIR\u00bb _builder_version=\u00bb4.9.2&#8243; _module_preset=\u00bbdefault\u00bb title_font=\u00bbNoto Sans||||||||\u00bb title_font_size=\u00bb22px\u00bb title_letter_spacing=\u00bb1.5em\u00bb title_line_height=\u00bb2.4em\u00bb content_font=\u00bbNoto Sans|300|||||||\u00bb content_text_align=\u00bbleft\u00bb content_font_size=\u00bb7vw\u00bb content_letter_spacing=\u00bb0.3em\u00bb content_line_height=\u00bb1.2em\u00bb background_enable_color=\u00bboff\u00bb custom_padding=\u00bb12%||0px||false|false\u00bb custom_padding_tablet=\u00bb\u00bb custom_padding_phone=\u00bb27%||0px||false|false\u00bb custom_padding_last_edited=\u00bbon|phone\u00bb animation_style=\u00bbslide\u00bb animation_direction=\u00bbleft\u00bb hover_enabled=\u00bb0&#8243; title_font_size_tablet=\u00bb\u00bb title_font_size_phone=\u00bb15px\u00bb title_font_size_last_edited=\u00bbon|phone\u00bb title_letter_spacing_tablet=\u00bb\u00bb title_letter_spacing_phone=\u00bb0.6em\u00bb title_letter_spacing_last_edited=\u00bbon|phone\u00bb content_font_size_tablet=\u00bb\u00bb content_font_size_phone=\u00bb10vw\u00bb content_font_size_last_edited=\u00bbon|phone\u00bb content_text_shadow_style=\u00bbpreset1&#8243; content_letter_spacing_last_edited=\u00bbon|phone\u00bb content_letter_spacing_phone=\u00bb0.2em\u00bb sticky_enabled=\u00bb0&#8243;]<\/p>\n<p>SERVICIOS<\/p>\n<p>&nbsp;<\/p>\n<p>&nbsp;<\/p>\n<p>[\/et_pb_fullwidth_header][\/et_pb_section][et_pb_section fb_built=\u00bb1&#8243; admin_label=\u00bbSecci\u00f3n\u00bb _builder_version=\u00bb4.9.2&#8243; _module_preset=\u00bbdefault\u00bb][et_pb_row disabled_on=\u00bbon|off|off\u00bb _builder_version=\u00bb4.9.2&#8243; _module_preset=\u00bbdefault\u00bb background_color=\u00bb#FFFFFF\u00bb width=\u00bb59.7%\u00bb custom_margin=\u00bb-113px|107px|11px|32.6%|false|false\u00bb custom_padding=\u00bb33px|0px|33px|51px|true|false\u00bb animation_style=\u00bbfade\u00bb][et_pb_column type=\u00bb4_4&#8243; _builder_version=\u00bb4.9.2&#8243; _module_preset=\u00bbdefault\u00bb][et_pb_text _builder_version=\u00bb4.9.2&#8243; _module_preset=\u00bbdefault\u00bb text_font=\u00bbNoto Sans|700|||||||\u00bb text_text_color=\u00bb#333333&#8243; text_font_size=\u00bb26px\u00bb text_letter_spacing=\u00bb2px\u00bb text_line_height=\u00bb1.2em\u00bb header_font=\u00bbNoto Sans|700|||||||\u00bb custom_margin=\u00bb|57px||2px||\u00bb]<\/p>\n<p>NOS DEDICAMOS AL CUIDADO INTEGRAL DE TU AUDICI\u00d3N, BRIND\u00c1NDOTE ATENCI\u00d3N PERSONALIZADA PROFESIONAL.<\/p>\n<p>[\/et_pb_text][\/et_pb_column][\/et_pb_row][\/et_pb_section][et_pb_section fb_built=\u00bb1&#8243; _builder_version=\u00bb4.9.2&#8243; _module_preset=\u00bbdefault\u00bb custom_margin_tablet=\u00bb\u00bb custom_margin_phone=\u00bb||||false|false\u00bb custom_margin_last_edited=\u00bbon|phone\u00bb custom_padding=\u00bb3px|||||\u00bb][et_pb_row column_structure=\u00bb1_3,1_3,1_3&#8243; use_custom_gutter=\u00bbon\u00bb gutter_width=\u00bb2&#8243; custom_padding_last_edited=\u00bbon|phone\u00bb _builder_version=\u00bb4.9.2&#8243; _module_preset=\u00bbdefault\u00bb width_tablet=\u00bb\u00bb width_phone=\u00bb97%\u00bb width_last_edited=\u00bbon|phone\u00bb max_width=\u00bb1064px\u00bb max_width_tablet=\u00bb\u00bb max_width_phone=\u00bb\u00bb max_width_last_edited=\u00bbon|phone\u00bb custom_margin=\u00bb|228px||228px||true\u00bb custom_margin_tablet=\u00bb\u00bb custom_margin_phone=\u00bb|0px||0px|false|true\u00bb custom_margin_last_edited=\u00bbon|phone\u00bb custom_padding=\u00bb74px|||||\u00bb custom_padding_tablet=\u00bb\u00bb custom_padding_phone=\u00bb0px||||false|false\u00bb module_alignment_tablet=\u00bb\u00bb module_alignment_phone=\u00bbcenter\u00bb module_alignment_last_edited=\u00bbon|phone\u00bb][et_pb_column type=\u00bb1_3&#8243; _builder_version=\u00bb4.9.2&#8243; _module_preset=\u00bbdefault\u00bb][et_pb_text _builder_version=\u00bb4.9.2&#8243; _module_preset=\u00bbdefault\u00bb text_font=\u00bbNoto Sans|300|||||||\u00bb text_text_color=\u00bb#333333&#8243; text_font_size=\u00bb60px\u00bb text_letter_spacing=\u00bb3px\u00bb text_line_height=\u00bb1.4em\u00bb custom_margin=\u00bb|||-127px|false|false\u00bb custom_margin_tablet=\u00bb\u00bb custom_margin_phone=\u00bb|||0px|false|false\u00bb custom_margin_last_edited=\u00bbon|phone\u00bb custom_padding=\u00bb|||0px||\u00bb hover_enabled=\u00bb0&#8243; text_font_size_tablet=\u00bb\u00bb text_font_size_phone=\u00bb40px\u00bb text_font_size_last_edited=\u00bbon|phone\u00bb text_letter_spacing_tablet=\u00bb\u00bb text_letter_spacing_phone=\u00bb1px\u00bb text_letter_spacing_last_edited=\u00bbon|phone\u00bb text_orientation_tablet=\u00bb\u00bb text_orientation_phone=\u00bbcenter\u00bb text_orientation_last_edited=\u00bbon|phone\u00bb sticky_enabled=\u00bb0&#8243;]<\/p>\n<p>NUESTRO COMPROMISO<\/p>\n<p>[\/et_pb_text][et_pb_text _builder_version=\u00bb4.9.2&#8243; _module_preset=\u00bbdefault\u00bb text_font=\u00bbAlice||||||||\u00bb text_text_color=\u00bb#666666&#8243; text_font_size=\u00bb16px\u00bb text_letter_spacing=\u00bb1px\u00bb width_tablet=\u00bb\u00bb width_phone=\u00bb100%\u00bb width_last_edited=\u00bbon|phone\u00bb max_width_tablet=\u00bb\u00bb max_width_phone=\u00bb100%\u00bb max_width_last_edited=\u00bbon|phone\u00bb custom_margin=\u00bb|||-129px|false|false\u00bb custom_margin_tablet=\u00bb\u00bb custom_margin_phone=\u00bb|||0px|false|false\u00bb custom_margin_last_edited=\u00bbon|phone\u00bb text_orientation_tablet=\u00bb\u00bb text_orientation_phone=\u00bbcenter\u00bb text_orientation_last_edited=\u00bbon|phone\u00bb module_alignment_tablet=\u00bb\u00bb module_alignment_phone=\u00bbcenter\u00bb module_alignment_last_edited=\u00bbon|phone\u00bb]<\/p>\n<p><span>Nuestro objetivo apunta al acompa\u00f1amiento del paciente desde la selecci\u00f3n y elecci\u00f3n del equipamiento acorde a su necesidad, para que se adapte de la mejor manera a su vida cotidiana.<br \/>Le damos mucha importancia a los controles de forma peri\u00f3dica dando respuesta a las necesidades que surgen en la adaptaci\u00f3n de su equipamiento auditivo en el corto y largo plazo. Mantenimiento, limpieza, calibraci\u00f3n.<br \/>Existen diferentes modelos de aud\u00edfonos y accesorios auditivos seg\u00fan la necesidad de cada paciente.<\/span><\/p>\n<p>[\/et_pb_text][\/et_pb_column][et_pb_column type=\u00bb1_3&#8243; _builder_version=\u00bb4.9.2&#8243; _module_preset=\u00bbdefault\u00bb][et_pb_blurb title=\u00bbCONTROL Y CALIBRACI\u00d3N\u00bb url=\u00bb\/index.php\/upsmart\/\u00bb use_icon=\u00bbon\u00bb font_icon=\u00bb%%70%%\u00bb icon_color=\u00bb#e30613&#8243; use_circle=\u00bbon\u00bb circle_color=\u00bbrgba(227,6,19,0.24)\u00bb use_icon_font_size=\u00bbon\u00bb icon_font_size=\u00bb30px\u00bb _builder_version=\u00bb4.9.2&#8243; _module_preset=\u00bbdefault\u00bb header_font=\u00bbNoto Sans|700|||||||\u00bb header_text_color=\u00bb#333333&#8243; header_font_size=\u00bb26px\u00bb header_letter_spacing=\u00bb2px\u00bb body_font=\u00bbAlice||||||||\u00bb body_font_size=\u00bb16px\u00bb text_orientation=\u00bbcenter\u00bb custom_margin=\u00bb19px|-11px|||false|false\u00bb custom_margin_tablet=\u00bb\u00bb custom_margin_phone=\u00bb11px|0px|||false|false\u00bb custom_margin_last_edited=\u00bbon|phone\u00bb custom_padding=\u00bb20px|30px|20px|30px|true|true\u00bb animation_style=\u00bbslide\u00bb animation_direction=\u00bbbottom\u00bb border_radii=\u00bbon|4px|4px|4px|4px\u00bb box_shadow_style=\u00bbpreset1&#8243; custom_padding__hover_enabled=\u00bbon|hover\u00bb custom_padding__hover=\u00bb10px||30px||false|true\u00bb]<\/p>\n<p><span>Una vez seleccionado el aud\u00edfono calibramos el mismo para lograr la mayor calidad auditiva y confort del paciente. Gracias a nuestra tecnolog\u00eda nos permite realizar las mismas desde nuestro consultorio junto al paciente o en forma remota a trav\u00e9s de nuestras plataformas virtuales de calibraci\u00f3n llegando al usuario donde el mismo se encuentre.<\/span><\/p>\n<p>[\/et_pb_blurb][et_pb_blurb title=\u00bbSELECCI\u00d3N DE EQUIPAMIENTO\u00bb url=\u00bb\/index.php\/enya\/\u00bb use_icon=\u00bbon\u00bb font_icon=\u00bb%%372%%\u00bb icon_color=\u00bb#e30613&#8243; use_circle=\u00bbon\u00bb circle_color=\u00bbrgba(227,6,19,0.24)\u00bb use_icon_font_size=\u00bbon\u00bb icon_font_size=\u00bb30px\u00bb _builder_version=\u00bb4.9.2&#8243; _module_preset=\u00bbdefault\u00bb header_font=\u00bbNoto Sans|700|||||||\u00bb header_text_color=\u00bb#333333&#8243; header_font_size=\u00bb26px\u00bb header_letter_spacing=\u00bb2px\u00bb body_font=\u00bbAlice||||||||\u00bb body_font_size=\u00bb16px\u00bb text_orientation=\u00bbcenter\u00bb custom_margin=\u00bb23px|-11px|||false|false\u00bb custom_margin_tablet=\u00bb\u00bb custom_margin_phone=\u00bb23px|0px|||false|false\u00bb custom_margin_last_edited=\u00bbon|phone\u00bb custom_padding=\u00bb20px|13px|20px|13px|true|true\u00bb animation_style=\u00bbslide\u00bb animation_direction=\u00bbbottom\u00bb module_alignment_tablet=\u00bb\u00bb module_alignment_phone=\u00bbcenter\u00bb module_alignment_last_edited=\u00bbon|phone\u00bb border_radii=\u00bbon|4px|4px|4px|4px\u00bb box_shadow_style=\u00bbpreset1&#8243; custom_padding__hover_enabled=\u00bbon|hover\u00bb custom_padding__hover=\u00bb10px||30px||false|true\u00bb]<\/p>\n<p><span>Ayudar a elegir al paciente el aud\u00edfono m\u00e1s adecuado para su necesidad teniendo en cuenta el grado y tipo de p\u00e9rdida auditiva, estilo de vida, necesidades personales.<\/span><\/p>\n<p>[\/et_pb_blurb][\/et_pb_column][et_pb_column type=\u00bb1_3&#8243; _builder_version=\u00bb4.9.2&#8243; _module_preset=\u00bbdefault\u00bb][et_pb_blurb title=\u00bbSEGUIMIENTO DEL PACIENTE\u00bb url=\u00bb\/index.php\/linx-3d\/\u00bb use_icon=\u00bbon\u00bb font_icon=\u00bb%%72%%\u00bb icon_color=\u00bb#e30613&#8243; use_circle=\u00bbon\u00bb circle_color=\u00bbrgba(227,6,19,0.24)\u00bb use_icon_font_size=\u00bbon\u00bb icon_font_size=\u00bb30px\u00bb _builder_version=\u00bb4.9.2&#8243; _module_preset=\u00bbdefault\u00bb header_font=\u00bbNoto Sans|700|||||||\u00bb header_text_color=\u00bb#333333&#8243; header_font_size=\u00bb26px\u00bb header_letter_spacing=\u00bb2px\u00bb body_font=\u00bbAlice||||||||\u00bb body_font_size=\u00bb16px\u00bb text_orientation=\u00bbcenter\u00bb custom_margin=\u00bb-72px|-11px|22px||false|false\u00bb custom_margin_tablet=\u00bb\u00bb custom_margin_phone=\u00bb0px|0px|||false|false\u00bb custom_margin_last_edited=\u00bbon|phone\u00bb custom_padding=\u00bb28px|30px|28px|30px|true|true\u00bb animation_style=\u00bbslide\u00bb animation_direction=\u00bbtop\u00bb module_alignment_tablet=\u00bb\u00bb module_alignment_phone=\u00bbcenter\u00bb module_alignment_last_edited=\u00bbon|phone\u00bb border_radii=\u00bbon|4px|4px|4px|4px\u00bb box_shadow_style=\u00bbpreset1&#8243; custom_padding__hover_enabled=\u00bbon|hover\u00bb custom_padding__hover=\u00bb10px||30px||false|true\u00bb]<\/p>\n<p><span>Una buena audici\u00f3n no depende solo de productos de calidad, adem\u00e1s es necesario una buena adaptaci\u00f3n y un seguimiento constante del paciente. Donde se observan los cambios que el paciente vive en el poseso de adaptaci\u00f3n y necesidades que surgen con el tiempo.\u00a0<\/span><\/p>\n<p>[\/et_pb_blurb][et_pb_blurb title=\u00bbDIAGNOSTICO AUDITIVO\u00bb url=\u00bb\/index.php\/quattro\/\u00bb use_icon=\u00bbon\u00bb font_icon=\u00bb%%149%%\u00bb icon_color=\u00bb#e30613&#8243; use_circle=\u00bbon\u00bb circle_color=\u00bbrgba(227,6,19,0.24)\u00bb use_icon_font_size=\u00bbon\u00bb icon_font_size=\u00bb30px\u00bb _builder_version=\u00bb4.9.2&#8243; _module_preset=\u00bbdefault\u00bb header_font=\u00bbNoto Sans|700|||||||\u00bb header_text_color=\u00bb#333333&#8243; header_font_size=\u00bb26px\u00bb header_letter_spacing=\u00bb2px\u00bb body_font=\u00bbAlice||||||||\u00bb body_font_size=\u00bb16px\u00bb text_orientation=\u00bbcenter\u00bb custom_margin=\u00bb17px|-11px|||false|false\u00bb custom_margin_tablet=\u00bb\u00bb custom_margin_phone=\u00bb|0px|||false|false\u00bb custom_margin_last_edited=\u00bbon|phone\u00bb custom_padding=\u00bb20px|30px|20px|30px|true|true\u00bb animation_style=\u00bbslide\u00bb animation_direction=\u00bbtop\u00bb module_alignment_tablet=\u00bb\u00bb module_alignment_phone=\u00bbcenter\u00bb module_alignment_last_edited=\u00bbon|phone\u00bb border_radii=\u00bbon|4px|4px|4px|4px\u00bb box_shadow_style=\u00bbpreset1&#8243; custom_padding__hover_enabled=\u00bbon|hover\u00bb custom_padding__hover=\u00bb10px||30px||false|true\u00bb]<\/p>\n<p><span>Son las pruebas audiol\u00f3gicas que el especialista Otorrinolaring\u00f3logo solicita al paciente para valorar su capacidad auditiva. Audiometr\u00eda tonal, Logoaudiometria, impedanciometria, otoemisines ac\u00fasticas, prueba supraliminares, acufenometrias y audiometr\u00edas por campo libre.<\/span><\/p>\n<p>[\/et_pb_blurb][\/et_pb_column][\/et_pb_row][\/et_pb_section][et_pb_section fb_built=\u00bb1&#8243; _builder_version=\u00bb4.9.2&#8243; _module_preset=\u00bbdefault\u00bb custom_padding=\u00bb0px|||||\u00bb][et_pb_row _builder_version=\u00bb4.9.2&#8243; _module_preset=\u00bbdefault\u00bb][et_pb_column type=\u00bb4_4&#8243; _builder_version=\u00bb4.9.2&#8243; _module_preset=\u00bbdefault\u00bb][et_pb_text _builder_version=\u00bb4.9.2&#8243; _module_preset=\u00bbdefault\u00bb text_font=\u00bbNoto Sans|300|||||||\u00bb text_text_color=\u00bb#333333&#8243; text_font_size=\u00bb60px\u00bb text_letter_spacing=\u00bb14px\u00bb text_line_height=\u00bb1.2em\u00bb text_orientation=\u00bbcenter\u00bb module_alignment=\u00bbcenter\u00bb custom_margin=\u00bb-39px||||false|false\u00bb animation_style=\u00bbzoom\u00bb animation_direction=\u00bbbottom\u00bb hover_enabled=\u00bb0&#8243; text_font_size_tablet=\u00bb\u00bb text_font_size_phone=\u00bb40px\u00bb text_font_size_last_edited=\u00bbon|phone\u00bb text_letter_spacing_tablet=\u00bb\u00bb text_letter_spacing_phone=\u00bb-2px\u00bb text_letter_spacing_last_edited=\u00bbon|phone\u00bb sticky_enabled=\u00bb0&#8243;]<\/p>\n<p>NUESTRO<br \/>EQUIPAMIENTO<\/p>\n<p>[\/et_pb_text][et_pb_text _builder_version=\u00bb4.9.2&#8243; _module_preset=\u00bbdefault\u00bb text_font=\u00bbAlice||||||||\u00bb text_font_size=\u00bb16px\u00bb text_orientation=\u00bbcenter\u00bb width=\u00bb91.1%\u00bb custom_padding=\u00bb|73px||77px||\u00bb custom_padding_tablet=\u00bb\u00bb custom_padding_phone=\u00bb|0px||0px|false|false\u00bb custom_padding_last_edited=\u00bbon|phone\u00bb animation_style=\u00bbfade\u00bb text_orientation_tablet=\u00bb\u00bb text_orientation_phone=\u00bbcenter\u00bb text_orientation_last_edited=\u00bbon|phone\u00bb]<\/p>\n<p><span>Durante m\u00e1s de 70 a\u00f1os, Resound\u00a0ha sido pionera en la creaci\u00f3n de soluciones auditivas innovadoras. Fabricamos los aud\u00edfonos y accesorios m\u00e1s inteligentes del mundo.<\/span><\/p>\n<p>[\/et_pb_text][et_pb_image src=\u00bbhttps:\/\/audiolife.com.ar\/wp-content\/uploads\/2021\/04\/ReSound_GN_Lozenge_RGB_150ppi_156x50.png\u00bb title_text=\u00bbReSound_GN_Lozenge_RGB_150ppi_156x50&#8243; url=\u00bbhttps:\/\/www.resound.com\/es-es\u00bb url_new_window=\u00bbon\u00bb align=\u00bbcenter\u00bb _builder_version=\u00bb4.9.2&#8243; _module_preset=\u00bbdefault\u00bb animation_style=\u00bbzoom\u00bb][\/et_pb_image][et_pb_button button_url=\u00bb\/index.php\/audifonos\/\u00bb button_text=\u00bbSABER M\u00c1S\u00bb button_alignment=\u00bbcenter\u00bb _builder_version=\u00bb4.9.2&#8243; _module_preset=\u00bbdefault\u00bb custom_button=\u00bbon\u00bb button_text_color=\u00bb#e30613&#8243; button_bg_color=\u00bbRGBA(0,0,0,0)\u00bb button_border_width=\u00bb0px\u00bb button_border_radius=\u00bb3px\u00bb button_letter_spacing=\u00bb3px\u00bb button_font=\u00bbNoto Sans|500|||||||\u00bb button_icon=\u00bb%%151%%\u00bb custom_margin=\u00bb||||false|false\u00bb custom_padding=\u00bb53px||||false|false\u00bb animation_style=\u00bbslide\u00bb custom_css_main_element=\u00bbbox-shadow: 0px 3px 0px 0px #e30814;\u00bb][\/et_pb_button][\/et_pb_column][\/et_pb_row][\/et_pb_section]<\/p>\n","protected":false},"excerpt":{"rendered":"<p>[et_pb_section fb_built=\u00bb1&#8243; fullwidth=\u00bbon\u00bb module_class=\u00bbkb-zoomout-right\u00bb _builder_version=\u00bb4.9.2&#8243; _module_preset=\u00bbdefault\u00bb background_color=\u00bbrgba(0,0,0,0.57)\u00bb background_image=\u00bbhttps:\/\/audiolife.com.ar\/wp-content\/uploads\/2021\/05\/slide-service-v3.jpg\u00bb parallax=\u00bbon\u00bb parallax_method=\u00bboff\u00bb][et_pb_fullwidth_header title=\u00bbOIR ES VIVIR\u00bb _builder_version=\u00bb4.9.2&#8243; _module_preset=\u00bbdefault\u00bb title_font=\u00bbNoto Sans||||||||\u00bb title_font_size=\u00bb22px\u00bb title_letter_spacing=\u00bb1.5em\u00bb title_line_height=\u00bb2.4em\u00bb content_font=\u00bbNoto Sans|300|||||||\u00bb content_text_align=\u00bbleft\u00bb content_font_size=\u00bb7vw\u00bb content_letter_spacing=\u00bb0.3em\u00bb content_line_height=\u00bb1.2em\u00bb background_enable_color=\u00bboff\u00bb custom_padding=\u00bb12%||0px||false|false\u00bb custom_padding_tablet=\u00bb\u00bb custom_padding_phone=\u00bb27%||0px||false|false\u00bb custom_padding_last_edited=\u00bbon|phone\u00bb animation_style=\u00bbslide\u00bb animation_direction=\u00bbleft\u00bb hover_enabled=\u00bb0&#8243; title_font_size_tablet=\u00bb\u00bb title_font_size_phone=\u00bb15px\u00bb title_font_size_last_edited=\u00bbon|phone\u00bb title_letter_spacing_tablet=\u00bb\u00bb title_letter_spacing_phone=\u00bb0.6em\u00bb title_letter_spacing_last_edited=\u00bbon|phone\u00bb content_font_size_tablet=\u00bb\u00bb content_font_size_phone=\u00bb10vw\u00bb content_font_size_last_edited=\u00bbon|phone\u00bb content_text_shadow_style=\u00bbpreset1&#8243; content_letter_spacing_last_edited=\u00bbon|phone\u00bb content_letter_spacing_phone=\u00bb0.2em\u00bb sticky_enabled=\u00bb0&#8243;] SERVICIOS &nbsp; &nbsp; [\/et_pb_fullwidth_header][\/et_pb_section][et_pb_section fb_built=\u00bb1&#8243; admin_label=\u00bbSecci\u00f3n\u00bb _builder_version=\u00bb4.9.2&#8243; _module_preset=\u00bbdefault\u00bb][et_pb_row [&hellip;]<\/p>\n","protected":false},"author":1,"featured_media":0,"parent":0,"menu_order":0,"comment_status":"closed","ping_status":"closed","template":"","meta":{"_et_pb_use_builder":"on","_et_pb_old_content":"","_et_gb_content_width":"","footnotes":""},"class_list":["post-346","page","type-page","status-publish","hentry"],"yoast_head":"<!-- This site is optimized with the Yoast SEO plugin v16.2 - https:\/\/yoast.com\/wordpress\/plugins\/seo\/ -->\n<title>Servicios | AudioLife<\/title>\n<meta name=\"robots\" content=\"index, follow, max-snippet:-1, max-image-preview:large, max-video-preview:-1\" \/>\n<link rel=\"canonical\" href=\"https:\/\/audiolife.com.ar\/index.php\/servicios\/\" \/>\n<meta property=\"og:locale\" content=\"es_ES\" \/>\n<meta property=\"og:type\" content=\"article\" \/>\n<meta property=\"og:title\" content=\"Servicios | AudioLife\" \/>\n<meta property=\"og:description\" content=\"[et_pb_section fb_built=\u00bb1&#8243; fullwidth=\u00bbon\u00bb module_class=\u00bbkb-zoomout-right\u00bb _builder_version=\u00bb4.9.2&#8243; _module_preset=\u00bbdefault\u00bb background_color=\u00bbrgba(0,0,0,0.57)\u00bb background_image=\u00bbhttps:\/\/audiolife.com.ar\/wp-content\/uploads\/2021\/05\/slide-service-v3.jpg\u00bb parallax=\u00bbon\u00bb parallax_method=\u00bboff\u00bb][et_pb_fullwidth_header title=\u00bbOIR ES VIVIR\u00bb _builder_version=\u00bb4.9.2&#8243; _module_preset=\u00bbdefault\u00bb title_font=\u00bbNoto Sans||||||||\u00bb title_font_size=\u00bb22px\u00bb title_letter_spacing=\u00bb1.5em\u00bb title_line_height=\u00bb2.4em\u00bb content_font=\u00bbNoto Sans|300|||||||\u00bb content_text_align=\u00bbleft\u00bb content_font_size=\u00bb7vw\u00bb content_letter_spacing=\u00bb0.3em\u00bb content_line_height=\u00bb1.2em\u00bb background_enable_color=\u00bboff\u00bb custom_padding=\u00bb12%||0px||false|false\u00bb custom_padding_tablet=\u00bb\u00bb custom_padding_phone=\u00bb27%||0px||false|false\u00bb custom_padding_last_edited=\u00bbon|phone\u00bb animation_style=\u00bbslide\u00bb animation_direction=\u00bbleft\u00bb hover_enabled=\u00bb0&#8243; title_font_size_tablet=\u00bb\u00bb title_font_size_phone=\u00bb15px\u00bb title_font_size_last_edited=\u00bbon|phone\u00bb title_letter_spacing_tablet=\u00bb\u00bb title_letter_spacing_phone=\u00bb0.6em\u00bb title_letter_spacing_last_edited=\u00bbon|phone\u00bb content_font_size_tablet=\u00bb\u00bb content_font_size_phone=\u00bb10vw\u00bb content_font_size_last_edited=\u00bbon|phone\u00bb content_text_shadow_style=\u00bbpreset1&#8243; content_letter_spacing_last_edited=\u00bbon|phone\u00bb content_letter_spacing_phone=\u00bb0.2em\u00bb sticky_enabled=\u00bb0&#8243;] SERVICIOS &nbsp; &nbsp; [\/et_pb_fullwidth_header][\/et_pb_section][et_pb_section fb_built=\u00bb1&#8243; admin_label=\u00bbSecci\u00f3n\u00bb _builder_version=\u00bb4.9.2&#8243; _module_preset=\u00bbdefault\u00bb][et_pb_row [&hellip;]\" \/>\n<meta property=\"og:url\" content=\"https:\/\/audiolife.com.ar\/index.php\/servicios\/\" \/>\n<meta property=\"og:site_name\" content=\"AudioLife\" \/>\n<meta property=\"article:modified_time\" content=\"2021-05-11T00:08:44+00:00\" \/>\n<meta name=\"twitter:card\" content=\"summary_large_image\" \/>\n<meta name=\"twitter:label1\" content=\"Tiempo de lectura\">\n\t<meta name=\"twitter:data1\" content=\"9 minutos\">\n<script type=\"application\/ld+json\" class=\"yoast-schema-graph\">{\"@context\":\"https:\/\/schema.org\",\"@graph\":[{\"@type\":\"Organization\",\"@id\":\"https:\/\/audiolife.com.ar\/#organization\",\"name\":\"AudioLife\",\"url\":\"https:\/\/audiolife.com.ar\/\",\"sameAs\":[\"https:\/\/www.instagram.com\/audiolife.audifonos\/\"],\"logo\":{\"@type\":\"ImageObject\",\"@id\":\"https:\/\/audiolife.com.ar\/#logo\",\"inLanguage\":\"es\",\"url\":\"https:\/\/audiolife.com.ar\/wp-content\/uploads\/2021\/04\/audiolife-logotrans-02.png\",\"contentUrl\":\"https:\/\/audiolife.com.ar\/wp-content\/uploads\/2021\/04\/audiolife-logotrans-02.png\",\"width\":222,\"height\":67,\"caption\":\"AudioLife\"},\"image\":{\"@id\":\"https:\/\/audiolife.com.ar\/#logo\"}},{\"@type\":\"WebSite\",\"@id\":\"https:\/\/audiolife.com.ar\/#website\",\"url\":\"https:\/\/audiolife.com.ar\/\",\"name\":\"AudioLife\",\"description\":\"Oir es Vivir\",\"publisher\":{\"@id\":\"https:\/\/audiolife.com.ar\/#organization\"},\"potentialAction\":[{\"@type\":\"SearchAction\",\"target\":\"https:\/\/audiolife.com.ar\/?s={search_term_string}\",\"query-input\":\"required name=search_term_string\"}],\"inLanguage\":\"es\"},{\"@type\":\"WebPage\",\"@id\":\"https:\/\/audiolife.com.ar\/index.php\/servicios\/#webpage\",\"url\":\"https:\/\/audiolife.com.ar\/index.php\/servicios\/\",\"name\":\"Servicios | AudioLife\",\"isPartOf\":{\"@id\":\"https:\/\/audiolife.com.ar\/#website\"},\"datePublished\":\"2021-04-30T22:55:08+00:00\",\"dateModified\":\"2021-05-11T00:08:44+00:00\",\"breadcrumb\":{\"@id\":\"https:\/\/audiolife.com.ar\/index.php\/servicios\/#breadcrumb\"},\"inLanguage\":\"es\",\"potentialAction\":[{\"@type\":\"ReadAction\",\"target\":[\"https:\/\/audiolife.com.ar\/index.php\/servicios\/\"]}]},{\"@type\":\"BreadcrumbList\",\"@id\":\"https:\/\/audiolife.com.ar\/index.php\/servicios\/#breadcrumb\",\"itemListElement\":[{\"@type\":\"ListItem\",\"position\":1,\"item\":{\"@type\":\"WebPage\",\"@id\":\"https:\/\/audiolife.com.ar\/\",\"url\":\"https:\/\/audiolife.com.ar\/\",\"name\":\"Portada\"}},{\"@type\":\"ListItem\",\"position\":2,\"item\":{\"@id\":\"https:\/\/audiolife.com.ar\/index.php\/servicios\/#webpage\"}}]}]}<\/script>\n<!-- \/ Yoast SEO plugin. -->","_links":{"self":[{"href":"https:\/\/audiolife.com.ar\/index.php\/wp-json\/wp\/v2\/pages\/346","targetHints":{"allow":["GET"]}}],"collection":[{"href":"https:\/\/audiolife.com.ar\/index.php\/wp-json\/wp\/v2\/pages"}],"about":[{"href":"https:\/\/audiolife.com.ar\/index.php\/wp-json\/wp\/v2\/types\/page"}],"author":[{"embeddable":true,"href":"https:\/\/audiolife.com.ar\/index.php\/wp-json\/wp\/v2\/users\/1"}],"replies":[{"embeddable":true,"href":"https:\/\/audiolife.com.ar\/index.php\/wp-json\/wp\/v2\/comments?post=346"}],"version-history":[{"count":50,"href":"https:\/\/audiolife.com.ar\/index.php\/wp-json\/wp\/v2\/pages\/346\/revisions"}],"predecessor-version":[{"id":879,"href":"https:\/\/audiolife.com.ar\/index.php\/wp-json\/wp\/v2\/pages\/346\/revisions\/879"}],"wp:attachment":[{"href":"https:\/\/audiolife.com.ar\/index.php\/wp-json\/wp\/v2\/media?parent=346"}],"curies":[{"name":"wp","href":"https:\/\/api.w.org\/{rel}","templated":true}]}}